{"id":37,"date":"2026-01-02T12:52:15","date_gmt":"2026-01-02T12:52:15","guid":{"rendered":"http:\/\/asiagrup.com\/galeri\/"},"modified":"2026-01-06T14:18:42","modified_gmt":"2026-01-06T11:18:42","slug":"galeri","status":"publish","type":"page","link":"https:\/\/asiagrup.com\/en\/galeri\/","title":{"rendered":"Gallery"},"content":{"rendered":"<div class=\"wp-block-group alignfull is-style-ext-preset--group--natural-1--section has-background-background-color has-background has-global-padding is-layout-constrained wp-container-core-group-is-layout-f72f1611 wp-block-group-is-layout-constrained\" id=\"galeri\" style=\"margin-top:0;margin-bottom:0;padding-top:var(--wp--preset--spacing--70);padding-bottom:var(--wp--preset--spacing--70)\"> <div class=\"wp-block-group alignwide is-vertical is-layout-flex wp-container-core-group-is-layout-c35747d5 wp-block-group-is-layout-flex\"> <div class=\"wp-block-group has-global-padding is-layout-constrained wp-container-core-group-is-layout-5e05634a wp-block-group-is-layout-constrained\"> <h2 class=\"wp-block-heading\">Quality Marbles from Antalya and K\u00fctahya<\/h2>   <p class=\"has-text-align-left\">Discover quality and aesthetics with Asia Grup Energy and Mining's carefully selected marble gallery.<\/p> <\/div> <\/div>   <div class=\"wp-block-columns alignwide is-layout-flex wp-container-core-columns-is-layout-87beb0d0 wp-block-columns-is-layout-flex\"> <div class=\"wp-block-column is-vertically-aligned-top is-layout-flow wp-container-core-column-is-layout-f5bb311e wp-block-column-is-layout-flow\"> <figure class=\"wp-block-image size-large is-style-ext-preset--image--natural-1--image-1--content-bottom extendify-image-import is-style-ext-preset--image--natural-1--image-1--content-bottom--2\"><img loading=\"lazy\" decoding=\"async\" width=\"1024\" height=\"769\" src=\"https:\/\/asiagrup.com\/wp-content\/uploads\/2026\/01\/marble-block-close-up-asia-grup-1024x769.jpeg\" alt=\"\" class=\"wp-image-97\" style=\"aspect-ratio:1;object-fit:cover\" srcset=\"https:\/\/asiagrup.com\/wp-content\/uploads\/2026\/01\/marble-block-close-up-asia-grup-1024x769.jpeg 1024w, https:\/\/asiagrup.com\/wp-content\/uploads\/2026\/01\/marble-block-close-up-asia-grup-300x225.jpeg 300w, https:\/\/asiagrup.com\/wp-content\/uploads\/2026\/01\/marble-block-close-up-asia-grup-768x576.jpeg 768w, https:\/\/asiagrup.com\/wp-content\/uploads\/2026\/01\/marble-block-close-up-asia-grup-1536x1153.jpeg 1536w, https:\/\/asiagrup.com\/wp-content\/uploads\/2026\/01\/marble-block-close-up-asia-grup-16x12.jpeg 16w, https:\/\/asiagrup.com\/wp-content\/uploads\/2026\/01\/marble-block-close-up-asia-grup.jpeg 1600w\" sizes=\"auto, (max-width: 1024px) 100vw, 1024px\" \/><\/figure>   <figure class=\"wp-block-image size-large is-style-ext-preset--image--natural-1--image-1--content-right extendify-image-import is-style-ext-preset--image--natural-1--image-1--content-right--3\"><img loading=\"lazy\" decoding=\"async\" width=\"1024\" height=\"1024\" src=\"https:\/\/asiagrup.com\/wp-content\/uploads\/2026\/01\/marble-quarry-block-extraction-asia-grup-1024x1024.jpeg\" alt=\"\" class=\"wp-image-100\" style=\"aspect-ratio:4\/3;object-fit:cover\" srcset=\"https:\/\/asiagrup.com\/wp-content\/uploads\/2026\/01\/marble-quarry-block-extraction-asia-grup-1024x1024.jpeg 1024w, https:\/\/asiagrup.com\/wp-content\/uploads\/2026\/01\/marble-quarry-block-extraction-asia-grup-300x300.jpeg 300w, https:\/\/asiagrup.com\/wp-content\/uploads\/2026\/01\/marble-quarry-block-extraction-asia-grup-150x150.jpeg 150w, https:\/\/asiagrup.com\/wp-content\/uploads\/2026\/01\/marble-quarry-block-extraction-asia-grup-768x768.jpeg 768w, https:\/\/asiagrup.com\/wp-content\/uploads\/2026\/01\/marble-quarry-block-extraction-asia-grup-12x12.jpeg 12w, https:\/\/asiagrup.com\/wp-content\/uploads\/2026\/01\/marble-quarry-block-extraction-asia-grup.jpeg 1530w\" sizes=\"auto, (max-width: 1024px) 100vw, 1024px\" \/><\/figure>   <figure class=\"wp-block-image size-large is-style-ext-preset--image--natural-1--image-1--content-bottom extendify-image-import is-style-ext-preset--image--natural-1--image-1--content-bottom--4\"><img loading=\"lazy\" decoding=\"async\" width=\"768\" height=\"1024\" src=\"https:\/\/asiagrup.com\/wp-content\/uploads\/2026\/01\/marble-truck-loading-asia-grup-768x1024.jpeg\" alt=\"\" class=\"wp-image-107\" style=\"aspect-ratio:1;object-fit:cover\" srcset=\"https:\/\/asiagrup.com\/wp-content\/uploads\/2026\/01\/marble-truck-loading-asia-grup-768x1024.jpeg 768w, https:\/\/asiagrup.com\/wp-content\/uploads\/2026\/01\/marble-truck-loading-asia-grup-225x300.jpeg 225w, https:\/\/asiagrup.com\/wp-content\/uploads\/2026\/01\/marble-truck-loading-asia-grup-1152x1536.jpeg 1152w, https:\/\/asiagrup.com\/wp-content\/uploads\/2026\/01\/marble-truck-loading-asia-grup-9x12.jpeg 9w, https:\/\/asiagrup.com\/wp-content\/uploads\/2026\/01\/marble-truck-loading-asia-grup.jpeg 1200w\" sizes=\"auto, (max-width: 768px) 100vw, 768px\" \/><\/figure>   <figure class=\"wp-block-image size-large is-style-ext-preset--image--natural-1--image-1--content-right extendify-image-import is-style-ext-preset--image--natural-1--image-1--content-right--5\"><img loading=\"lazy\" decoding=\"async\" width=\"1024\" height=\"1024\" src=\"https:\/\/asiagrup.com\/wp-content\/uploads\/2026\/01\/marble-quarry-block-extraction-asia-grup-1024x1024.jpeg\" alt=\"\" class=\"wp-image-100\" style=\"aspect-ratio:4\/3;object-fit:cover\" srcset=\"https:\/\/asiagrup.com\/wp-content\/uploads\/2026\/01\/marble-quarry-block-extraction-asia-grup-1024x1024.jpeg 1024w, https:\/\/asiagrup.com\/wp-content\/uploads\/2026\/01\/marble-quarry-block-extraction-asia-grup-300x300.jpeg 300w, https:\/\/asiagrup.com\/wp-content\/uploads\/2026\/01\/marble-quarry-block-extraction-asia-grup-150x150.jpeg 150w, https:\/\/asiagrup.com\/wp-content\/uploads\/2026\/01\/marble-quarry-block-extraction-asia-grup-768x768.jpeg 768w, https:\/\/asiagrup.com\/wp-content\/uploads\/2026\/01\/marble-quarry-block-extraction-asia-grup-12x12.jpeg 12w, https:\/\/asiagrup.com\/wp-content\/uploads\/2026\/01\/marble-quarry-block-extraction-asia-grup.jpeg 1530w\" sizes=\"auto, (max-width: 1024px) 100vw, 1024px\" \/><\/figure>   <figure class=\"wp-block-image size-large is-style-ext-preset--image--natural-1--image-1--content-bottom extendify-image-import is-style-ext-preset--image--natural-1--image-1--content-bottom--6\"><img loading=\"lazy\" decoding=\"async\" width=\"768\" height=\"1024\" src=\"https:\/\/asiagrup.com\/wp-content\/uploads\/2026\/01\/marble-slab-cutting-line-asia-grup-1-768x1024.jpeg\" alt=\"\" class=\"wp-image-106\" style=\"aspect-ratio:1;object-fit:cover\" srcset=\"https:\/\/asiagrup.com\/wp-content\/uploads\/2026\/01\/marble-slab-cutting-line-asia-grup-1-768x1024.jpeg 768w, https:\/\/asiagrup.com\/wp-content\/uploads\/2026\/01\/marble-slab-cutting-line-asia-grup-1-225x300.jpeg 225w, https:\/\/asiagrup.com\/wp-content\/uploads\/2026\/01\/marble-slab-cutting-line-asia-grup-1-1152x1536.jpeg 1152w, https:\/\/asiagrup.com\/wp-content\/uploads\/2026\/01\/marble-slab-cutting-line-asia-grup-1-9x12.jpeg 9w, https:\/\/asiagrup.com\/wp-content\/uploads\/2026\/01\/marble-slab-cutting-line-asia-grup-1.jpeg 1200w\" sizes=\"auto, (max-width: 768px) 100vw, 768px\" \/><\/figure>   <figure class=\"wp-block-image size-large is-style-ext-preset--image--natural-1--image-1--content-right extendify-image-import is-style-ext-preset--image--natural-1--image-1--content-right--7\"><img loading=\"lazy\" decoding=\"async\" width=\"768\" height=\"1024\" src=\"https:\/\/asiagrup.com\/wp-content\/uploads\/2026\/01\/marble-dimension-check-asia-grup-768x1024.jpeg\" alt=\"\" class=\"wp-image-108\" style=\"aspect-ratio:4\/3;object-fit:cover\" srcset=\"https:\/\/asiagrup.com\/wp-content\/uploads\/2026\/01\/marble-dimension-check-asia-grup-768x1024.jpeg 768w, https:\/\/asiagrup.com\/wp-content\/uploads\/2026\/01\/marble-dimension-check-asia-grup-225x300.jpeg 225w, https:\/\/asiagrup.com\/wp-content\/uploads\/2026\/01\/marble-dimension-check-asia-grup-1152x1536.jpeg 1152w, https:\/\/asiagrup.com\/wp-content\/uploads\/2026\/01\/marble-dimension-check-asia-grup-9x12.jpeg 9w, https:\/\/asiagrup.com\/wp-content\/uploads\/2026\/01\/marble-dimension-check-asia-grup.jpeg 1200w\" sizes=\"auto, (max-width: 768px) 100vw, 768px\" \/><\/figure> <\/div>   <div class=\"wp-block-column is-vertically-aligned-top is-layout-flow wp-container-core-column-is-layout-f5bb311e wp-block-column-is-layout-flow\"> <figure class=\"wp-block-image size-large is-style-ext-preset--image--natural-1--image-1--content-left extendify-image-import is-style-ext-preset--image--natural-1--image-1--content-left--8\"><img loading=\"lazy\" decoding=\"async\" width=\"1024\" height=\"769\" src=\"https:\/\/asiagrup.com\/wp-content\/uploads\/2026\/01\/turkey-marble-quarry-asia-grup-1024x769.jpeg\" alt=\"\" class=\"wp-image-99\" style=\"aspect-ratio:4\/3;object-fit:cover\" srcset=\"https:\/\/asiagrup.com\/wp-content\/uploads\/2026\/01\/turkey-marble-quarry-asia-grup-1024x769.jpeg 1024w, https:\/\/asiagrup.com\/wp-content\/uploads\/2026\/01\/turkey-marble-quarry-asia-grup-300x225.jpeg 300w, https:\/\/asiagrup.com\/wp-content\/uploads\/2026\/01\/turkey-marble-quarry-asia-grup-768x576.jpeg 768w, https:\/\/asiagrup.com\/wp-content\/uploads\/2026\/01\/turkey-marble-quarry-asia-grup-1536x1153.jpeg 1536w, https:\/\/asiagrup.com\/wp-content\/uploads\/2026\/01\/turkey-marble-quarry-asia-grup-16x12.jpeg 16w, https:\/\/asiagrup.com\/wp-content\/uploads\/2026\/01\/turkey-marble-quarry-asia-grup.jpeg 1600w\" sizes=\"auto, (max-width: 1024px) 100vw, 1024px\" \/><\/figure>   <figure class=\"wp-block-image size-large is-style-ext-preset--image--natural-1--image-1--content-left extendify-image-import is-style-ext-preset--image--natural-1--image-1--content-left--9\"><img loading=\"lazy\" decoding=\"async\" width=\"1024\" height=\"1024\" src=\"https:\/\/asiagrup.com\/wp-content\/uploads\/2026\/01\/marble-quarry-bench-cutting-asia-grup-1024x1024.jpeg\" alt=\"\" class=\"wp-image-101\" style=\"aspect-ratio:1;object-fit:cover\" srcset=\"https:\/\/asiagrup.com\/wp-content\/uploads\/2026\/01\/marble-quarry-bench-cutting-asia-grup-1024x1024.jpeg 1024w, https:\/\/asiagrup.com\/wp-content\/uploads\/2026\/01\/marble-quarry-bench-cutting-asia-grup-300x300.jpeg 300w, https:\/\/asiagrup.com\/wp-content\/uploads\/2026\/01\/marble-quarry-bench-cutting-asia-grup-150x150.jpeg 150w, https:\/\/asiagrup.com\/wp-content\/uploads\/2026\/01\/marble-quarry-bench-cutting-asia-grup-768x768.jpeg 768w, https:\/\/asiagrup.com\/wp-content\/uploads\/2026\/01\/marble-quarry-bench-cutting-asia-grup-12x12.jpeg 12w, https:\/\/asiagrup.com\/wp-content\/uploads\/2026\/01\/marble-quarry-bench-cutting-asia-grup.jpeg 1530w\" sizes=\"auto, (max-width: 1024px) 100vw, 1024px\" \/><\/figure>   <figure class=\"wp-block-image size-large is-style-ext-preset--image--natural-1--image-1--content-left extendify-image-import is-style-ext-preset--image--natural-1--image-1--content-left--10\"><img loading=\"lazy\" decoding=\"async\" width=\"768\" height=\"1024\" src=\"https:\/\/asiagrup.com\/wp-content\/uploads\/2026\/01\/marble-polishing-line-asia-grup-768x1024.jpeg\" alt=\"\" class=\"wp-image-102\" style=\"aspect-ratio:4\/3;object-fit:cover\" srcset=\"https:\/\/asiagrup.com\/wp-content\/uploads\/2026\/01\/marble-polishing-line-asia-grup-768x1024.jpeg 768w, https:\/\/asiagrup.com\/wp-content\/uploads\/2026\/01\/marble-polishing-line-asia-grup-225x300.jpeg 225w, https:\/\/asiagrup.com\/wp-content\/uploads\/2026\/01\/marble-polishing-line-asia-grup-1152x1536.jpeg 1152w, https:\/\/asiagrup.com\/wp-content\/uploads\/2026\/01\/marble-polishing-line-asia-grup-9x12.jpeg 9w, https:\/\/asiagrup.com\/wp-content\/uploads\/2026\/01\/marble-polishing-line-asia-grup.jpeg 1200w\" sizes=\"auto, (max-width: 768px) 100vw, 768px\" \/><\/figure>   <figure class=\"wp-block-image size-large is-style-ext-preset--image--natural-1--image-1--content-left extendify-image-import is-style-ext-preset--image--natural-1--image-1--content-left--11\"><img loading=\"lazy\" decoding=\"async\" width=\"768\" height=\"1024\" src=\"https:\/\/asiagrup.com\/wp-content\/uploads\/2026\/01\/marble-port-shipment-asia-grup-768x1024.jpeg\" alt=\"\" class=\"wp-image-104\" style=\"aspect-ratio:1;object-fit:cover\" srcset=\"https:\/\/asiagrup.com\/wp-content\/uploads\/2026\/01\/marble-port-shipment-asia-grup-768x1024.jpeg 768w, https:\/\/asiagrup.com\/wp-content\/uploads\/2026\/01\/marble-port-shipment-asia-grup-225x300.jpeg 225w, https:\/\/asiagrup.com\/wp-content\/uploads\/2026\/01\/marble-port-shipment-asia-grup-1152x1536.jpeg 1152w, https:\/\/asiagrup.com\/wp-content\/uploads\/2026\/01\/marble-port-shipment-asia-grup-9x12.jpeg 9w, https:\/\/asiagrup.com\/wp-content\/uploads\/2026\/01\/marble-port-shipment-asia-grup.jpeg 1200w\" sizes=\"auto, (max-width: 768px) 100vw, 768px\" \/><\/figure>   <figure class=\"wp-block-image size-large is-style-ext-preset--image--natural-1--image-1--content-left extendify-image-import is-style-ext-preset--image--natural-1--image-1--content-left--12\"><img loading=\"lazy\" decoding=\"async\" width=\"1024\" height=\"768\" src=\"https:\/\/asiagrup.com\/wp-content\/uploads\/2026\/01\/natural-stone-quarry-turkey-asia-grup-1024x768.jpeg\" alt=\"\" class=\"wp-image-110\" style=\"aspect-ratio:4\/3;object-fit:cover\" srcset=\"https:\/\/asiagrup.com\/wp-content\/uploads\/2026\/01\/natural-stone-quarry-turkey-asia-grup-1024x768.jpeg 1024w, https:\/\/asiagrup.com\/wp-content\/uploads\/2026\/01\/natural-stone-quarry-turkey-asia-grup-300x225.jpeg 300w, https:\/\/asiagrup.com\/wp-content\/uploads\/2026\/01\/natural-stone-quarry-turkey-asia-grup-768x576.jpeg 768w, https:\/\/asiagrup.com\/wp-content\/uploads\/2026\/01\/natural-stone-quarry-turkey-asia-grup-1536x1152.jpeg 1536w, https:\/\/asiagrup.com\/wp-content\/uploads\/2026\/01\/natural-stone-quarry-turkey-asia-grup-16x12.jpeg 16w, https:\/\/asiagrup.com\/wp-content\/uploads\/2026\/01\/natural-stone-quarry-turkey-asia-grup.jpeg 1600w\" sizes=\"auto, (max-width: 1024px) 100vw, 1024px\" \/><\/figure>   <figure class=\"wp-block-image size-large is-style-ext-preset--image--natural-1--image-1--content-left extendify-image-import is-style-ext-preset--image--natural-1--image-1--content-left--13\"><img loading=\"lazy\" decoding=\"async\" width=\"768\" height=\"1024\" src=\"https:\/\/asiagrup.com\/wp-content\/uploads\/2026\/01\/turkish-natural-stone-quarry-asia-grup-768x1024.jpeg\" alt=\"\" class=\"wp-image-109\" style=\"aspect-ratio:1;object-fit:cover\" srcset=\"https:\/\/asiagrup.com\/wp-content\/uploads\/2026\/01\/turkish-natural-stone-quarry-asia-grup-768x1024.jpeg 768w, https:\/\/asiagrup.com\/wp-content\/uploads\/2026\/01\/turkish-natural-stone-quarry-asia-grup-225x300.jpeg 225w, https:\/\/asiagrup.com\/wp-content\/uploads\/2026\/01\/turkish-natural-stone-quarry-asia-grup-1152x1536.jpeg 1152w, https:\/\/asiagrup.com\/wp-content\/uploads\/2026\/01\/turkish-natural-stone-quarry-asia-grup-9x12.jpeg 9w, https:\/\/asiagrup.com\/wp-content\/uploads\/2026\/01\/turkish-natural-stone-quarry-asia-grup.jpeg 1500w\" sizes=\"auto, (max-width: 768px) 100vw, 768px\" \/><\/figure> <\/div> <\/div> <\/div>   <div class=\"wp-block-group alignfull is-style-ext-preset--group--natural-1--section has-background-background-color has-background has-global-padding is-layout-constrained wp-block-group-is-layout-constrained\" id=\"iletisim\" style=\"margin-top:0;margin-bottom:0;padding-top:var(--wp--preset--spacing--70);padding-bottom:var(--wp--preset--spacing--70)\"><\/div>","protected":false},"excerpt":{"rendered":"<p>Antalya ve K\u00fctahya&#8217;dan Kaliteli Mermerler Asia Grup Enerji ve Madencilik&#8217;in \u00f6zenle se\u00e7ilmi\u015f mermer galerisiyle kalite ve esteti\u011fi ke\u015ffedin.<\/p>","protected":false},"author":1,"featured_media":0,"parent":0,"menu_order":0,"comment_status":"closed","ping_status":"closed","template":"page-with-title","meta":{"om_disable_all_campaigns":false,"_monsterinsights_skip_tracking":false,"_monsterinsights_sitenote_active":false,"_monsterinsights_sitenote_note":"","_monsterinsights_sitenote_category":0,"footnotes":""},"class_list":["post-37","page","type-page","status-publish","hentry"],"aioseo_notices":[],"_links":{"self":[{"href":"https:\/\/asiagrup.com\/en\/wp-json\/wp\/v2\/pages\/37","targetHints":{"allow":["GET"]}}],"collection":[{"href":"https:\/\/asiagrup.com\/en\/wp-json\/wp\/v2\/pages"}],"about":[{"href":"https:\/\/asiagrup.com\/en\/wp-json\/wp\/v2\/types\/page"}],"author":[{"embeddable":true,"href":"https:\/\/asiagrup.com\/en\/wp-json\/wp\/v2\/users\/1"}],"replies":[{"embeddable":true,"href":"https:\/\/asiagrup.com\/en\/wp-json\/wp\/v2\/comments?post=37"}],"version-history":[{"count":5,"href":"https:\/\/asiagrup.com\/en\/wp-json\/wp\/v2\/pages\/37\/revisions"}],"predecessor-version":[{"id":195,"href":"https:\/\/asiagrup.com\/en\/wp-json\/wp\/v2\/pages\/37\/revisions\/195"}],"wp:attachment":[{"href":"https:\/\/asiagrup.com\/en\/wp-json\/wp\/v2\/media?parent=37"}],"curies":[{"name":"wp","href":"https:\/\/api.w.org\/{rel}","templated":true}]}}