{"id":35,"date":"2026-01-02T12:52:14","date_gmt":"2026-01-02T12:52:14","guid":{"rendered":"http:\/\/asiagrup.com\/hakkimizda\/"},"modified":"2026-01-04T18:40:34","modified_gmt":"2026-01-04T15:40:34","slug":"hakkimizda","status":"publish","type":"page","link":"https:\/\/asiagrup.com\/en\/hakkimizda\/","title":{"rendered":"About Us"},"content":{"rendered":"<div class=\"wp-block-group alignfull is-style-ext-preset--group--natural-1--section has-background-background-color has-background has-global-padding is-layout-constrained wp-block-group-is-layout-constrained\" id=\"hakkimizda\" style=\"margin-top:0;margin-bottom:0;padding-top:var(--wp--preset--spacing--70);padding-bottom:var(--wp--preset--spacing--70)\">\n<div class=\"wp-block-group alignwide is-vertical is-content-justification-center is-layout-flex wp-container-core-group-is-layout-c9ee0c5a wp-block-group-is-layout-flex\">\n<div class=\"wp-block-group has-global-padding is-layout-constrained wp-container-core-group-is-layout-2287c683 wp-block-group-is-layout-constrained\">\n<h2 class=\"wp-block-heading has-text-align-center\">Value from Nature, Quality Shaped into Structures<\/h2>\n\n\n\n<p class=\"has-text-align-center\">At Asia Grup Enerji ve Madencilik, we consider it our mission to deliver natural stones shaped by nature over millions of years to the architecture, design, and construction sectors in accordance with the highest quality standards. Our scope of activity goes beyond marble production; it is about bringing this unique natural value into structures with an approach focused on aesthetics, durability, and long-lasting performance.<\/p>\n\n\n\n<p class=\"translation-block\">We manage all our processes in line with the principles of <strong>quality<\/strong>, <strong>sustainability<\/strong>, <strong>ethical production<\/strong>, and <strong>reliable trade<\/strong>. We base our operations on the responsible use of natural resources and adopt an environmentally and socially conscious approach at every stage, from production to delivery. Our aim is not only to meet today\u2019s needs, but also to leave a lasting value for future generations.<\/p>\n\n\n\n<p>Thanks to our many years of industry experience and strong technical infrastructure, we provide projects not only with products, but also with trust, continuity, and professional partnership. We aim to be a long-term and reliable business partner for all our stakeholders, from architects and developers to contractors and investors.<\/p>\n\n\n\n<p class=\"has-text-align-center\">At Asia Grup, we transform the value we take from nature into world-class processed products that are trusted and preferred, making them a lasting part of cities, living spaces, and projects.<\/p>\n<\/div>\n<\/div>\n<\/div>\n\n\n\n<div class=\"wp-block-group alignfull is-style-ext-preset--group--natural-1--section has-tertiary-background-color has-background has-global-padding is-layout-constrained wp-container-core-group-is-layout-f72f1611 wp-block-group-is-layout-constrained\" id=\"galeri\" style=\"margin-top:0;margin-bottom:0;padding-top:var(--wp--preset--spacing--70);padding-bottom:var(--wp--preset--spacing--70)\">\n<div class=\"wp-block-group alignwide is-vertical is-layout-flex wp-container-core-group-is-layout-c35747d5 wp-block-group-is-layout-flex\">\n<div class=\"wp-block-group has-global-padding is-layout-constrained wp-container-core-group-is-layout-5e05634a wp-block-group-is-layout-constrained\">\n<h2 class=\"wp-block-heading\">Premium Natural Marble Production and Supply<\/h2>\n\n\n\n<p class=\"has-text-align-left\">Asia Grup Enerji ve Madencilik produces and supplies natural marble in accordance with the highest quality standards.<\/p>\n\n\n\n<p class=\"has-text-align-left\">Our durable, aesthetic, and premium marble products provide reliable solutions for architectural projects, construction, and interior applications. Thanks to our production in compliance with international standards and our strong logistics infrastructure, we ensure timely and sustainable delivery.<\/p>\n<\/div>\n<\/div>\n\n\n\n<div class=\"wp-block-columns alignwide is-layout-flex wp-container-core-columns-is-layout-87beb0d0 wp-block-columns-is-layout-flex\">\n<div class=\"wp-block-column is-vertically-aligned-top is-layout-flow wp-container-core-column-is-layout-f5bb311e wp-block-column-is-layout-flow\">\n<figure class=\"wp-block-image size-large is-style-ext-preset--image--natural-1--image-1--content-bottom extendify-image-import is-style-ext-preset--image--natural-1--image-1--content-bottom--3\"><img loading=\"lazy\" decoding=\"async\" width=\"1024\" height=\"855\" src=\"https:\/\/asiagrup.com\/wp-content\/uploads\/2026\/01\/marble-quality-control-asia-grup-group-1024x855.jpg\" alt=\"\" class=\"wp-image-159\" style=\"aspect-ratio:1;object-fit:cover\" srcset=\"https:\/\/asiagrup.com\/wp-content\/uploads\/2026\/01\/marble-quality-control-asia-grup-group-1024x855.jpg 1024w, https:\/\/asiagrup.com\/wp-content\/uploads\/2026\/01\/marble-quality-control-asia-grup-group-300x251.jpg 300w, https:\/\/asiagrup.com\/wp-content\/uploads\/2026\/01\/marble-quality-control-asia-grup-group-768x641.jpg 768w, https:\/\/asiagrup.com\/wp-content\/uploads\/2026\/01\/marble-quality-control-asia-grup-group-14x12.jpg 14w, https:\/\/asiagrup.com\/wp-content\/uploads\/2026\/01\/marble-quality-control-asia-grup-group.jpg 1200w\" sizes=\"auto, (max-width: 1024px) 100vw, 1024px\" \/><\/figure>\n\n\n\n<figure class=\"wp-block-image size-large is-style-ext-preset--image--natural-1--image-1--content-right extendify-image-import is-style-ext-preset--image--natural-1--image-1--content-right--4\"><img loading=\"lazy\" decoding=\"async\" width=\"768\" height=\"1024\" src=\"https:\/\/asiagrup.com\/wp-content\/uploads\/2026\/01\/marble-production-768x1024.jpeg\" alt=\"\" class=\"wp-image-153\" style=\"aspect-ratio:4\/3;object-fit:cover\" srcset=\"https:\/\/asiagrup.com\/wp-content\/uploads\/2026\/01\/marble-production-768x1024.jpeg 768w, https:\/\/asiagrup.com\/wp-content\/uploads\/2026\/01\/marble-production-225x300.jpeg 225w, https:\/\/asiagrup.com\/wp-content\/uploads\/2026\/01\/marble-production-1152x1536.jpeg 1152w, https:\/\/asiagrup.com\/wp-content\/uploads\/2026\/01\/marble-production-9x12.jpeg 9w, https:\/\/asiagrup.com\/wp-content\/uploads\/2026\/01\/marble-production.jpeg 1200w\" sizes=\"auto, (max-width: 768px) 100vw, 768px\" \/><\/figure>\n<\/div>\n\n\n\n<div class=\"wp-block-column is-vertically-aligned-top is-layout-flow wp-container-core-column-is-layout-f5bb311e wp-block-column-is-layout-flow\">\n<figure class=\"wp-block-image size-large is-style-ext-preset--image--natural-1--image-1--content-left extendify-image-import is-style-ext-preset--image--natural-1--image-1--content-left--5\"><img loading=\"lazy\" decoding=\"async\" width=\"768\" height=\"1024\" src=\"https:\/\/asiagrup.com\/wp-content\/uploads\/2026\/01\/natural-stone-products-768x1024.jpeg\" alt=\"\" class=\"wp-image-151\" style=\"aspect-ratio:4\/3;object-fit:cover\" srcset=\"https:\/\/asiagrup.com\/wp-content\/uploads\/2026\/01\/natural-stone-products-768x1024.jpeg 768w, https:\/\/asiagrup.com\/wp-content\/uploads\/2026\/01\/natural-stone-products-225x300.jpeg 225w, https:\/\/asiagrup.com\/wp-content\/uploads\/2026\/01\/natural-stone-products-1152x1536.jpeg 1152w, https:\/\/asiagrup.com\/wp-content\/uploads\/2026\/01\/natural-stone-products-9x12.jpeg 9w, https:\/\/asiagrup.com\/wp-content\/uploads\/2026\/01\/natural-stone-products.jpeg 1200w\" sizes=\"auto, (max-width: 768px) 100vw, 768px\" \/><\/figure>\n\n\n\n<figure class=\"wp-block-image size-large is-style-ext-preset--image--natural-1--image-1--content-left extendify-image-import is-style-ext-preset--image--natural-1--image-1--content-left--6\"><img loading=\"lazy\" decoding=\"async\" width=\"768\" height=\"1024\" src=\"https:\/\/asiagrup.com\/wp-content\/uploads\/2026\/01\/polished-marble-1-768x1024.jpeg\" alt=\"\" class=\"wp-image-155\" style=\"aspect-ratio:1;object-fit:cover\" srcset=\"https:\/\/asiagrup.com\/wp-content\/uploads\/2026\/01\/polished-marble-1-768x1024.jpeg 768w, https:\/\/asiagrup.com\/wp-content\/uploads\/2026\/01\/polished-marble-1-225x300.jpeg 225w, https:\/\/asiagrup.com\/wp-content\/uploads\/2026\/01\/polished-marble-1-1152x1536.jpeg 1152w, https:\/\/asiagrup.com\/wp-content\/uploads\/2026\/01\/polished-marble-1-9x12.jpeg 9w, https:\/\/asiagrup.com\/wp-content\/uploads\/2026\/01\/polished-marble-1.jpeg 1200w\" sizes=\"auto, (max-width: 768px) 100vw, 768px\" \/><\/figure>\n<\/div>\n<\/div>\n<\/div>\n\n\n\n<div class=\"wp-block-group alignfull is-style-ext-preset--group--natural-1--section has-background-background-color has-background has-global-padding is-layout-constrained wp-block-group-is-layout-constrained\" id=\"iletisim\" style=\"margin-top:0;margin-bottom:0;padding-top:var(--wp--preset--spacing--70);padding-bottom:var(--wp--preset--spacing--70)\"><\/div>","protected":false},"excerpt":{"rendered":"<p>Do\u011fadan Gelen De\u011fer, Yap\u0131lara D\u00f6n\u00fc\u015fen Kalite Asia Grup Enerji ve Madencilik olarak, do\u011fan\u0131n milyonlarca y\u0131lda \u015fekillendirdi\u011fi do\u011fal ta\u015flar\u0131; mimari, tasar\u0131m ve yap\u0131 sekt\u00f6r\u00fcne y\u00fcksek kalite standartlar\u0131nda sunmay\u0131 misyon ediniyoruz. Faaliyet alan\u0131m\u0131z, sadece mermer \u00fcretimi de\u011fil; do\u011fan\u0131n sundu\u011fu bu e\u015fsiz de\u011feri, estetik, dayan\u0131kl\u0131l\u0131k ve uzun \u00f6m\u00fcrl\u00fc kullan\u0131m anlay\u0131\u015f\u0131yla yap\u0131lara kazand\u0131rmakt\u0131r. T\u00fcm s\u00fcre\u00e7lerimizi kalite, s\u00fcrd\u00fcr\u00fclebilirlik, etik \u00fcretim [&hellip;]<\/p>","protected":false},"author":1,"featured_media":0,"parent":0,"menu_order":0,"comment_status":"closed","ping_status":"closed","template":"page-with-title","meta":{"om_disable_all_campaigns":false,"_monsterinsights_skip_tracking":false,"_monsterinsights_sitenote_active":false,"_monsterinsights_sitenote_note":"","_monsterinsights_sitenote_category":0,"footnotes":""},"class_list":["post-35","page","type-page","status-publish","hentry"],"aioseo_notices":[],"_links":{"self":[{"href":"https:\/\/asiagrup.com\/en\/wp-json\/wp\/v2\/pages\/35","targetHints":{"allow":["GET"]}}],"collection":[{"href":"https:\/\/asiagrup.com\/en\/wp-json\/wp\/v2\/pages"}],"about":[{"href":"https:\/\/asiagrup.com\/en\/wp-json\/wp\/v2\/types\/page"}],"author":[{"embeddable":true,"href":"https:\/\/asiagrup.com\/en\/wp-json\/wp\/v2\/users\/1"}],"replies":[{"embeddable":true,"href":"https:\/\/asiagrup.com\/en\/wp-json\/wp\/v2\/comments?post=35"}],"version-history":[{"count":5,"href":"https:\/\/asiagrup.com\/en\/wp-json\/wp\/v2\/pages\/35\/revisions"}],"predecessor-version":[{"id":160,"href":"https:\/\/asiagrup.com\/en\/wp-json\/wp\/v2\/pages\/35\/revisions\/160"}],"wp:attachment":[{"href":"https:\/\/asiagrup.com\/en\/wp-json\/wp\/v2\/media?parent=35"}],"curies":[{"name":"wp","href":"https:\/\/api.w.org\/{rel}","templated":true}]}}